{"id":66,"date":"2014-05-23T19:45:23","date_gmt":"2014-05-23T17:45:23","guid":{"rendered":"http:\/\/visotrick.de\/visotrick\/?page_id=66"},"modified":"2014-12-30T14:25:33","modified_gmt":"2014-12-30T12:25:33","slug":"produktvarianten","status":"publish","type":"page","link":"https:\/\/visotrick.de\/?page_id=66","title":{"rendered":"Produktvarianten"},"content":{"rendered":"<p><span style=\"color: #008000;\"><strong>Visotrick<\/strong><\/span><br \/>\nbesteht aus einem Grundrahmen mit untenliegender Einschubschiene und f\u00fcnf oder sechs Einsteckplatten.<br \/>\nDie Funktionalit\u00e4t dieses Spielsystems setzt sich aus Grundrahmen, Einsteckplatten und Bildkarten zusammen. Zum Spielsystem Visotrick gibt es eine F\u00fclle Bildkarten, die ebenfalls k\u00e4uflich zu erwerben sind. Vor das aufgebaute Spiel kann ein Legeplan platziert werden. Darauf k\u00f6nnen Bildkarten gelegt, der Legeplan kann beschriftet werden. M\u00fchelos l\u00e4sst sich Geschriebenes oder Gemaltes mit einem Tuch entfernen.<br \/>\nAls Aufbewahrungsm\u00f6glichkeit gibt es eine Holzkiste mit Schiebedeckel, die sich gut tragen und transportieren l\u00e4sst.<\/p>\n<p>&nbsp;<br \/>\n<span style=\"color: #008000;\"><strong>Visotrick<\/strong><\/span><\/p>\n<ul>\n<li>Ein Grundrahmen<\/li>\n<li>\u00a0F\u00fcnf oder sechs Einsteckplatten<\/li>\n<li>\u00a0Bildkarten in vielen Varianten unterschiedlicher Themengebiete<\/li>\n<li>\u00a0Kiste mit Schiebedeckel zum Verpacken und zum Aufbewahren<\/li>\n<li>\u00a0Legepl\u00e4ne, die in unterschiedlicher Anzahl zu erwerben sind<\/li>\n<li>\u00a0Stifte zum Beschriften von Bildkarten und Legeplan<\/li>\n<li>\u00a0Verschiedene Motiv &#8211; W\u00fcrfel<\/li>\n<\/ul>\n","protected":false},"excerpt":{"rendered":"<p>Visotrick besteht aus einem Grundrahmen mit untenliegender Einschubschiene und f\u00fcnf oder sechs Einsteckplatten. Die Funktionalit\u00e4t dieses Spielsystems setzt sich aus Grundrahmen, Einsteckplatten und Bildkarten zusammen. Zum Spielsystem Visotrick gibt es eine F\u00fclle Bildkarten, die ebenfalls k\u00e4uflich zu erwerben sind. Vor das aufgebaute Spiel kann ein Legeplan platziert werden. Darauf k\u00f6nnen Bildkarten gelegt, der Legeplan kann [&hellip;]<\/p>\n","protected":false},"author":2,"featured_media":0,"parent":0,"menu_order":0,"comment_status":"closed","ping_status":"open","template":"","meta":{"jetpack_post_was_ever_published":false,"footnotes":""},"class_list":["post-66","page","type-page","status-publish","hentry"],"jetpack_sharing_enabled":true,"_links":{"self":[{"href":"https:\/\/visotrick.de\/index.php?rest_route=\/wp\/v2\/pages\/66","targetHints":{"allow":["GET"]}}],"collection":[{"href":"https:\/\/visotrick.de\/index.php?rest_route=\/wp\/v2\/pages"}],"about":[{"href":"https:\/\/visotrick.de\/index.php?rest_route=\/wp\/v2\/types\/page"}],"author":[{"embeddable":true,"href":"https:\/\/visotrick.de\/index.php?rest_route=\/wp\/v2\/users\/2"}],"replies":[{"embeddable":true,"href":"https:\/\/visotrick.de\/index.php?rest_route=%2Fwp%2Fv2%2Fcomments&post=66"}],"version-history":[{"count":12,"href":"https:\/\/visotrick.de\/index.php?rest_route=\/wp\/v2\/pages\/66\/revisions"}],"predecessor-version":[{"id":109,"href":"https:\/\/visotrick.de\/index.php?rest_route=\/wp\/v2\/pages\/66\/revisions\/109"}],"wp:attachment":[{"href":"https:\/\/visotrick.de\/index.php?rest_route=%2Fwp%2Fv2%2Fmedia&parent=66"}],"curies":[{"name":"wp","href":"https:\/\/api.w.org\/{rel}","templated":true}]}}