{"id":51,"date":"2014-05-23T18:07:24","date_gmt":"2014-05-23T16:07:24","guid":{"rendered":"http:\/\/visotrick.de\/visotrick\/?page_id=51"},"modified":"2016-02-22T20:24:33","modified_gmt":"2016-02-22T19:24:33","slug":"startseite","status":"publish","type":"page","link":"https:\/\/visotrick.de\/","title":{"rendered":"Herzlich Willkommen bei VisoTrick.de"},"content":{"rendered":"<p><strong>VisoTrick<\/strong> ist ein spannendes\u00a0\u00a0<strong>3D\u00a0&#8211; Spiel<\/strong>\u00a0zum Anfassen mit einer unglaublichen F\u00fclle von Anwendungsm\u00f6glichkeiten, f\u00fcr Kinder und Erwachsene von\u00a03-99 Jahren.<\/p>\n<p><strong>Spielidee: <\/strong>In einem Holzrahmen lassen sich auf 3 Ebenen mit Einsteckkarten phantasievolle Geschichten, Bilder und Themen gestalten. Das patentierte Spiel f\u00f6rdert durch seine dreidimensionale Ausgestaltung das r\u00e4umlich &#8211; visuelle Denken sowie die Orientierung im Raum.<\/p>\n<p><strong>Haben wir Ihr Interesse geweckt? Bitte kontaktieren Sie uns!<\/strong><br \/>\nIn unserer <a title=\"Bilder\" href=\"https:\/\/visotrick.de\/?page_id=36\">Galerie <\/a>finden Sie Bilder von den verschiedenen Anwendungsm\u00f6glichkeiten.<\/p>\n<p><span style=\"color: #56aa1b;\"><strong><span style=\"font-size: 12pt;\">Visotrick ist ab jetzt unter <a style=\"color: #56aa1b;\" href=\"https:\/\/visotrick.de\/?page_id=163\">Bestellanfrage<\/a> vorbestellbar! Weitere Produktinformationen und Bilder folgen in K\u00fcrze.<\/span><\/strong><\/span><\/p>\n<p>&nbsp;<\/p>\n<p><span style=\"color: #55a91d; font-size: 24px;\">Eine Ferkelgeschichte zu den Karten im Starterset:<\/span><\/p>\n<p><strong>Vier kleine Schweinchen<\/strong><\/p>\n<p>Pino, Resi, Vroni und Hilli leben auf einem Bauernhof mit vielen anderen Schweinen.<br \/>\nNachdem ihre Baby-Zeit als Ferkel bei ihren dicken<br \/>\nMama-Sauen vor\u00fcber ist, kommen sie mit vielen anderen Schweinen in ihrem Alter zusammen in einen Stall.<br \/>\nDie 4 Schweinchen haben es gut: Sie leben auf Stroh, haben ganz viel Platz zum Rennen und Toben.<br \/>\nSie k\u00f6nnen sich aber auch immer sch\u00f6n zusammenkuscheln.<br \/>\nDer Bauer mag es, wenn seine Schweine so lustig hin und her flitzen. Nur manchmal muss er gucken, ob es allen gut geht und ob alle noch da sind.<br \/>\nDann muss er die vielen Schweinchen sortieren, damit er sie genau anschauen kann.<br \/>\nHeute ist wieder so ein toller Tag, an dem die Schweinchen viel Spa\u00df haben.<br \/>\nSie spielen ihr Lieblingsspiel: Verfolgungsjagd durch den ganzen gro\u00dfen Stall. Dabei grunzen und quieken sie ganz laut.<br \/>\nAm Ende als alle Schweinchen fix und fertig sind, liegen Pino, Hilli, Resi und Vroni voller Vergn\u00fcgen gemeinsam mit den anderen auf einem riesigen Sauhaufen.<br \/>\nDas machen die Schweinchen n\u00e4mlich total gerne.<br \/>\nUnd gerade als sie da so sch\u00f6n gem\u00fctlich liegen, kommt der Bauer an und will sie sortieren.<br \/>\nDabei kannst du ihm helfen!<\/p>\n","protected":false},"excerpt":{"rendered":"<p>VisoTrick ist ein spannendes\u00a0\u00a03D\u00a0&#8211; Spiel\u00a0zum Anfassen mit einer unglaublichen F\u00fclle von Anwendungsm\u00f6glichkeiten, f\u00fcr Kinder und Erwachsene von\u00a03-99 Jahren. Spielidee: In einem Holzrahmen lassen sich auf 3 Ebenen mit Einsteckkarten phantasievolle Geschichten, Bilder und Themen gestalten. Das patentierte Spiel f\u00f6rdert durch seine dreidimensionale Ausgestaltung das r\u00e4umlich &#8211; visuelle Denken sowie die Orientierung im Raum. Haben wir [&hellip;]<\/p>\n","protected":false},"author":1,"featured_media":0,"parent":0,"menu_order":0,"comment_status":"closed","ping_status":"open","template":"","meta":{"jetpack_post_was_ever_published":false,"footnotes":""},"class_list":["post-51","page","type-page","status-publish","hentry"],"jetpack_sharing_enabled":true,"_links":{"self":[{"href":"https:\/\/visotrick.de\/index.php?rest_route=\/wp\/v2\/pages\/51","targetHints":{"allow":["GET"]}}],"collection":[{"href":"https:\/\/visotrick.de\/index.php?rest_route=\/wp\/v2\/pages"}],"about":[{"href":"https:\/\/visotrick.de\/index.php?rest_route=\/wp\/v2\/types\/page"}],"author":[{"embeddable":true,"href":"https:\/\/visotrick.de\/index.php?rest_route=\/wp\/v2\/users\/1"}],"replies":[{"embeddable":true,"href":"https:\/\/visotrick.de\/index.php?rest_route=%2Fwp%2Fv2%2Fcomments&post=51"}],"version-history":[{"count":28,"href":"https:\/\/visotrick.de\/index.php?rest_route=\/wp\/v2\/pages\/51\/revisions"}],"predecessor-version":[{"id":215,"href":"https:\/\/visotrick.de\/index.php?rest_route=\/wp\/v2\/pages\/51\/revisions\/215"}],"wp:attachment":[{"href":"https:\/\/visotrick.de\/index.php?rest_route=%2Fwp%2Fv2%2Fmedia&parent=51"}],"curies":[{"name":"wp","href":"https:\/\/api.w.org\/{rel}","templated":true}]}}