{"id":2,"date":"2014-05-13T18:00:14","date_gmt":"2014-05-13T18:00:14","guid":{"rendered":"http:\/\/visiotrick.de\/visotrick\/?page_id=2"},"modified":"2014-12-30T14:10:12","modified_gmt":"2014-12-30T12:10:12","slug":"beispiel-seite","status":"publish","type":"page","link":"https:\/\/visotrick.de\/?page_id=2","title":{"rendered":"Anwendungsm\u00f6glichkeiten"},"content":{"rendered":"<p><span style=\"color: #008000;\"><strong>Visotrick<\/strong><\/span> &#8211; Das vielseitige Lernspiel f\u00fcr &#8222;Kleine und Gro\u00dfe Leute&#8220;<br \/>\nF\u00fcr Leute von 3 &#8211; 99 Jahren<\/p>\n<p><span style=\"color: #008000;\"><strong>Spielidee<\/strong><\/span><br \/>\nKinder und Erwachsene gestalten in einem Holzrahmen auf drei Ebenen mit Einsteckkarten phantasievolle Geschichten, Bilder und Themen.<br \/>\nDie liebevoll gestalteten Karten animieren die Spieler dazu, selbst kreativ zu werden.<\/p>\n<p><strong><span style=\"color: #008000;\">Visotrick<\/span> <\/strong>f\u00f6rdert durch seine dreidimensionale Ausgestaltung das r\u00e4umlich &#8211; visuelle Denken sowie die Orientierung im Raum.<br \/>\nDie Einsteckkarten dienen als Impulse, die die Spieler individuell variieren und gestalten. Hierbei kann einzeln und auch in Gruppen gespielt werden.<\/p>\n<p>Spielen mit<strong><span style=\"color: #008000;\"> Visotrick<\/span><\/strong><br \/>\nVisotrick bildet grundlegende Vorraussetzungen f\u00fcr die Lernf\u00e4higkeit der Kinder und Erwachsenen aus.<br \/>\nDurch seine vielf\u00e4ltigen Variationen l\u00e4sst es sich in der Arbeit mit Kindern und Erwachsenen einsetzen, um Beweglichkeit, Ged\u00e4chtnisleistung und Alltagsroutinen zu trainieren.<br \/>\nVisotrick eignet sich als Spiel f\u00fcr<strong> Familie, Kindergarten und Schule<\/strong> genauso wie f\u00fcr den <strong>Einsatz in der Therapie<\/strong>.<\/p>\n","protected":false},"excerpt":{"rendered":"<p>Visotrick &#8211; Das vielseitige Lernspiel f\u00fcr &#8222;Kleine und Gro\u00dfe Leute&#8220; F\u00fcr Leute von 3 &#8211; 99 Jahren Spielidee Kinder und Erwachsene gestalten in einem Holzrahmen auf drei Ebenen mit Einsteckkarten phantasievolle Geschichten, Bilder und Themen. Die liebevoll gestalteten Karten animieren die Spieler dazu, selbst kreativ zu werden. Visotrick f\u00f6rdert durch seine dreidimensionale Ausgestaltung das r\u00e4umlich [&hellip;]<\/p>\n","protected":false},"author":1,"featured_media":0,"parent":0,"menu_order":0,"comment_status":"closed","ping_status":"open","template":"","meta":{"jetpack_post_was_ever_published":false,"footnotes":""},"class_list":["post-2","page","type-page","status-publish","hentry"],"jetpack_sharing_enabled":true,"_links":{"self":[{"href":"https:\/\/visotrick.de\/index.php?rest_route=\/wp\/v2\/pages\/2","targetHints":{"allow":["GET"]}}],"collection":[{"href":"https:\/\/visotrick.de\/index.php?rest_route=\/wp\/v2\/pages"}],"about":[{"href":"https:\/\/visotrick.de\/index.php?rest_route=\/wp\/v2\/types\/page"}],"author":[{"embeddable":true,"href":"https:\/\/visotrick.de\/index.php?rest_route=\/wp\/v2\/users\/1"}],"replies":[{"embeddable":true,"href":"https:\/\/visotrick.de\/index.php?rest_route=%2Fwp%2Fv2%2Fcomments&post=2"}],"version-history":[{"count":8,"href":"https:\/\/visotrick.de\/index.php?rest_route=\/wp\/v2\/pages\/2\/revisions"}],"predecessor-version":[{"id":102,"href":"https:\/\/visotrick.de\/index.php?rest_route=\/wp\/v2\/pages\/2\/revisions\/102"}],"wp:attachment":[{"href":"https:\/\/visotrick.de\/index.php?rest_route=%2Fwp%2Fv2%2Fmedia&parent=2"}],"curies":[{"name":"wp","href":"https:\/\/api.w.org\/{rel}","templated":true}]}}