{"id":163,"date":"2016-02-22T13:03:23","date_gmt":"2016-02-22T12:03:23","guid":{"rendered":"http:\/\/visotrick.de\/?page_id=163"},"modified":"2016-05-09T18:40:21","modified_gmt":"2016-05-09T17:40:21","slug":"bestellanfrage","status":"publish","type":"page","link":"https:\/\/visotrick.de\/?page_id=163","title":{"rendered":"Bestellanfrage"},"content":{"rendered":"<p><span style=\"color: #a60202;\"><strong>Bitte beachten Sie, dass Bestellanfragen unverbindlich sind.<\/strong><\/span><br \/>\n<span style=\"color: #808080;\"> <strong>Sie erhalten nach der Anfrage weitere Informationen zur Verf\u00fcgbarkeit, Lieferbarkeit und Preisen. Au\u00dferdem erhalten Sie die Zahlungsinformationen f\u00fcr die Vorkasse per Bank\u00fcberweisung. Der Kaufvertrag kommt erst mit dem Zahlungseingang zustande.<br \/>\n<\/strong><\/span><\/p>\n<table style=\"background-color: #eeeeee; padding: 10px;\">\n<tbody>\n<tr>\n<td><\/td>\n<td><b>Visotrick Starterset<\/b><br \/>\nBeinhaltet Spielrahmen, 5 Einsteckplatten und Verpackung<br \/>\nInklusive 1 Spiel (Ferkelkarten mit dazugeh\u00f6riger Geschichte)<\/td>\n<\/tr>\n<\/tbody>\n<\/table>\n<p>&nbsp;<\/p>\n<p><span style=\"font-size: 20px; color: #56aa1b;\">Anfrageformular:<\/span><\/p>\n<p>Bitte f\u00fcllen Sie alle Pflichfelder aus.<\/p>\n<div data-test='contact-form' id='contact-form-163' class='wp-block-jetpack-contact-form-container '>\n<form action='https:\/\/visotrick.de\/?page_id=163#contact-form-163' method='post' class='contact-form commentsblock' aria-label=\"Bestellanfrage\" novalidate>\n\n<div style=\"\" class='grunion-field-select-wrap grunion-field-wrap'  >\n<label\n\t\t\t\tfor='g163-produkt'\n\t\t\t\tclass='grunion-field-label select'>Produkt<span class=\"grunion-label-required\" aria-hidden=\"true\">(erforderlich)<\/span><\/label>\n<div class='contact-form__select-wrapper'>\t<select name='g163-produkt' id='g163-produkt' class='select  grunion-field' required aria-required='true'>\n\t\t<option value='Bitte Ausw\u00e4hlen'>Bitte Ausw\u00e4hlen<\/option>\n\t\t<option value='Visotrick Starterset'>Visotrick Starterset<\/option>\n\t<\/select>\n<\/div>\n\t<\/div>\n\n<div style=\"\" class='grunion-field-select-wrap grunion-field-wrap'  >\n<label\n\t\t\t\tfor='g163-anzahl'\n\t\t\t\tclass='grunion-field-label select'>Anzahl<span class=\"grunion-label-required\" aria-hidden=\"true\">(erforderlich)<\/span><\/label>\n<div class='contact-form__select-wrapper'>\t<select name='g163-anzahl' id='g163-anzahl' class='select  grunion-field' required aria-required='true'>\n\t\t<option value='1'>1<\/option>\n\t\t<option value='2'>2<\/option>\n\t\t<option value='3'>3<\/option>\n\t\t<option value='4'>4<\/option>\n\t\t<option value='5'>5<\/option>\n\t\t<option value='6'>6<\/option>\n\t\t<option value='7'>7<\/option>\n\t\t<option value='8'>8<\/option>\n\t\t<option value='9'>9<\/option>\n\t\t<option value='10'>10<\/option>\n\t<\/select>\n<\/div>\n\t<\/div>\n\n<div style=\"\" class='grunion-field-email-wrap grunion-field-wrap'  >\n<label\n\t\t\t\tfor='g163-email'\n\t\t\t\tclass='grunion-field-label email'>E-Mail<span class=\"grunion-label-required\" aria-hidden=\"true\">(erforderlich)<\/span><\/label>\n<input\n\t\t\t\t\ttype='email'\n\t\t\t\t\tname='g163-email'\n\t\t\t\t\tid='g163-email'\n\t\t\t\t\tvalue=''\n\t\t\t\t\tclass='email  grunion-field' \n\t\t\t\t\trequired aria-required='true' \/>\n\t<\/div>\n\n<div style=\"\" class='grunion-field-select-wrap grunion-field-wrap'  >\n<label\n\t\t\t\tfor='g163-anrede'\n\t\t\t\tclass='grunion-field-label select'>Anrede<span class=\"grunion-label-required\" aria-hidden=\"true\">(erforderlich)<\/span><\/label>\n<div class='contact-form__select-wrapper'>\t<select name='g163-anrede' id='g163-anrede' class='select  grunion-field' required aria-required='true'>\n\t\t<option value='Bitte Ausw\u00e4hlen'>Bitte Ausw\u00e4hlen<\/option>\n\t\t<option value='Herr'>Herr<\/option>\n\t\t<option value='Frau'>Frau<\/option>\n\t<\/select>\n<\/div>\n\t<\/div>\n\n<div style=\"\" class='grunion-field-name-wrap grunion-field-wrap'  >\n<label\n\t\t\t\tfor='g163-vorname'\n\t\t\t\tclass='grunion-field-label name'>Vorname<span class=\"grunion-label-required\" aria-hidden=\"true\">(erforderlich)<\/span><\/label>\n<input\n\t\t\t\t\ttype='text'\n\t\t\t\t\tname='g163-vorname'\n\t\t\t\t\tid='g163-vorname'\n\t\t\t\t\tvalue=''\n\t\t\t\t\tclass='name  grunion-field' \n\t\t\t\t\trequired aria-required='true' \/>\n\t<\/div>\n\n<div style=\"\" class='grunion-field-name-wrap grunion-field-wrap'  >\n<label\n\t\t\t\tfor='g163-name'\n\t\t\t\tclass='grunion-field-label name'>Name<span class=\"grunion-label-required\" aria-hidden=\"true\">(erforderlich)<\/span><\/label>\n<input\n\t\t\t\t\ttype='text'\n\t\t\t\t\tname='g163-name'\n\t\t\t\t\tid='g163-name'\n\t\t\t\t\tvalue=''\n\t\t\t\t\tclass='name  grunion-field' \n\t\t\t\t\trequired aria-required='true' \/>\n\t<\/div>\n\n<div style=\"\" class='grunion-field-text-wrap grunion-field-wrap'  >\n<label\n\t\t\t\tfor='g163-straehausnummer'\n\t\t\t\tclass='grunion-field-label text'>Stra\u00dfe \/ Hausnummer<span class=\"grunion-label-required\" aria-hidden=\"true\">(erforderlich)<\/span><\/label>\n<input\n\t\t\t\t\ttype='text'\n\t\t\t\t\tname='g163-straehausnummer'\n\t\t\t\t\tid='g163-straehausnummer'\n\t\t\t\t\tvalue=''\n\t\t\t\t\tclass='text  grunion-field' \n\t\t\t\t\trequired aria-required='true' \/>\n\t<\/div>\n\n<div style=\"\" class='grunion-field-text-wrap grunion-field-wrap'  >\n<label\n\t\t\t\tfor='g163-plzort'\n\t\t\t\tclass='grunion-field-label text'>PLZ \/ Ort<span class=\"grunion-label-required\" aria-hidden=\"true\">(erforderlich)<\/span><\/label>\n<input\n\t\t\t\t\ttype='text'\n\t\t\t\t\tname='g163-plzort'\n\t\t\t\t\tid='g163-plzort'\n\t\t\t\t\tvalue=''\n\t\t\t\t\tclass='text  grunion-field' \n\t\t\t\t\trequired aria-required='true' \/>\n\t<\/div>\n\n<div style=\"\" class='grunion-field-text-wrap grunion-field-wrap'  >\n<label\n\t\t\t\tfor='g163-adresszusatzfirma'\n\t\t\t\tclass='grunion-field-label text'>Adresszusatz \/ Firma<\/label>\n<input\n\t\t\t\t\ttype='text'\n\t\t\t\t\tname='g163-adresszusatzfirma'\n\t\t\t\t\tid='g163-adresszusatzfirma'\n\t\t\t\t\tvalue=''\n\t\t\t\t\tclass='text  grunion-field' \n\t\t\t\t\t \/>\n\t<\/div>\n\n<div style=\"\" class='grunion-field-select-wrap grunion-field-wrap'  >\n<label\n\t\t\t\tfor='g163-land'\n\t\t\t\tclass='grunion-field-label select'>Land<span class=\"grunion-label-required\" aria-hidden=\"true\">(erforderlich)<\/span><\/label>\n<div class='contact-form__select-wrapper'>\t<select name='g163-land' id='g163-land' class='select  grunion-field' required aria-required='true'>\n\t\t<option value='Bitte Ausw\u00e4hlen'>Bitte Ausw\u00e4hlen<\/option>\n\t\t<option value='Deutschland'>Deutschland<\/option>\n\t\t<option value='\u00d6sterreich'>\u00d6sterreich<\/option>\n\t\t<option value='Schweiz'>Schweiz<\/option>\n\t<\/select>\n<\/div>\n\t<\/div>\n\n<div style=\"\" class='grunion-field-textarea-wrap grunion-field-wrap'  >\n<label\n\t\t\t\tfor='contact-form-comment-g163-anmerkungen'\n\t\t\t\tclass='grunion-field-label textarea'>Anmerkungen<\/label>\n<textarea\n\t\t                style=''\n\t\t                name='g163-anmerkungen'\n\t\t                id='contact-form-comment-g163-anmerkungen'\n\t\t                rows='20' class='textarea  grunion-field'  ><\/textarea>\n\t<\/div>\n\t<p class='contact-submit'>\n\t\t<button type='submit' class='pushbutton-wide'>Senden<\/button>\t\t<input type='hidden' name='contact-form-id' value='163' \/>\n\t\t<input type='hidden' name='action' value='grunion-contact-form' \/>\n\t\t<input type='hidden' name='contact-form-hash' value='ddb1639710728b1188cbe320c399230592b5e5e3' \/>\n\t<\/p>\n<\/form>\n<\/div>\n","protected":false},"excerpt":{"rendered":"<p>Bitte beachten Sie, dass Bestellanfragen unverbindlich sind. Sie erhalten nach der Anfrage weitere Informationen zur Verf\u00fcgbarkeit, Lieferbarkeit und Preisen. Au\u00dferdem erhalten Sie die Zahlungsinformationen f\u00fcr die Vorkasse per Bank\u00fcberweisung. Der Kaufvertrag kommt erst mit dem Zahlungseingang zustande. Visotrick Starterset Beinhaltet Spielrahmen, 5 Einsteckplatten und Verpackung Inklusive 1 Spiel (Ferkelkarten mit dazugeh\u00f6riger Geschichte) &nbsp; Anfrageformular: Bitte [&hellip;]<\/p>\n","protected":false},"author":1,"featured_media":0,"parent":0,"menu_order":0,"comment_status":"closed","ping_status":"closed","template":"","meta":{"jetpack_post_was_ever_published":false,"footnotes":""},"class_list":["post-163","page","type-page","status-publish","hentry"],"jetpack_sharing_enabled":true,"_links":{"self":[{"href":"https:\/\/visotrick.de\/index.php?rest_route=\/wp\/v2\/pages\/163","targetHints":{"allow":["GET"]}}],"collection":[{"href":"https:\/\/visotrick.de\/index.php?rest_route=\/wp\/v2\/pages"}],"about":[{"href":"https:\/\/visotrick.de\/index.php?rest_route=\/wp\/v2\/types\/page"}],"author":[{"embeddable":true,"href":"https:\/\/visotrick.de\/index.php?rest_route=\/wp\/v2\/users\/1"}],"replies":[{"embeddable":true,"href":"https:\/\/visotrick.de\/index.php?rest_route=%2Fwp%2Fv2%2Fcomments&post=163"}],"version-history":[{"count":88,"href":"https:\/\/visotrick.de\/index.php?rest_route=\/wp\/v2\/pages\/163\/revisions"}],"predecessor-version":[{"id":275,"href":"https:\/\/visotrick.de\/index.php?rest_route=\/wp\/v2\/pages\/163\/revisions\/275"}],"wp:attachment":[{"href":"https:\/\/visotrick.de\/index.php?rest_route=%2Fwp%2Fv2%2Fmedia&parent=163"}],"curies":[{"name":"wp","href":"https:\/\/api.w.org\/{rel}","templated":true}]}}